{"id":1661,"date":"2023-03-01T11:25:52","date_gmt":"2023-03-01T11:25:52","guid":{"rendered":"https:\/\/hub2website.tempurl.host\/?page_id=1661"},"modified":"2023-03-29T12:58:19","modified_gmt":"2023-03-29T12:58:19","slug":"glossary","status":"publish","type":"page","link":"https:\/\/hub2.io\/fr\/glossary\/","title":{"rendered":"Glossary"},"content":{"rendered":"<p>[et_pb_section fb_built=\u00a0\u00bb1&Prime; custom_padding_last_edited=\u00a0\u00bbon|phone\u00a0\u00bb _builder_version=\u00a0\u00bb4.20.2&Prime; _module_preset=\u00a0\u00bbdefault\u00a0\u00bb background_color=\u00a0\u00bb#000000&Prime; background_image=\u00a0\u00bbhttps:\/\/hub2.io\/wp-content\/uploads\/2023\/03\/globe.jpg\u00a0\u00bb custom_padding=\u00a0\u00bb||||false|false\u00a0\u00bb custom_padding_tablet=\u00a0\u00bb||||false|false\u00a0\u00bb custom_padding_phone=\u00a0\u00bb||0px||false|false\u00a0\u00bb hover_enabled=\u00a0\u00bb0&Prime; da_disable_devices=\u00a0\u00bboff|off|off\u00a0\u00bb locked=\u00a0\u00bboff\u00a0\u00bb global_colors_info=\u00a0\u00bb{}\u00a0\u00bb title_text=\u00a0\u00bbglobe\u00a0\u00bb sticky_enabled=\u00a0\u00bb0&Prime; da_is_popup=\u00a0\u00bboff\u00a0\u00bb da_exit_intent=\u00a0\u00bboff\u00a0\u00bb da_has_close=\u00a0\u00bbon\u00a0\u00bb da_alt_close=\u00a0\u00bboff\u00a0\u00bb da_dark_close=\u00a0\u00bboff\u00a0\u00bb da_not_modal=\u00a0\u00bbon\u00a0\u00bb da_is_singular=\u00a0\u00bboff\u00a0\u00bb da_with_loader=\u00a0\u00bboff\u00a0\u00bb da_has_shadow=\u00a0\u00bbon\u00a0\u00bb][et_pb_row _builder_version=\u00a0\u00bb4.19.5&Prime; _module_preset=\u00a0\u00bbdefault\u00a0\u00bb positioning=\u00a0\u00bbnone\u00a0\u00bb position_origin_a=\u00a0\u00bbcenter_center\u00a0\u00bb width=\u00a0\u00bb90%\u00a0\u00bb max_width=\u00a0\u00bb1200px\u00a0\u00bb custom_margin=\u00a0\u00bb|auto||auto|false|false\u00a0\u00bb custom_padding=\u00a0\u00bb||||false|false\u00a0\u00bb locked=\u00a0\u00bboff\u00a0\u00bb global_colors_info=\u00a0\u00bb{}\u00a0\u00bb][et_pb_column type=\u00a0\u00bb4_4&Prime; _builder_version=\u00a0\u00bb4.16.0&Prime; _module_preset=\u00a0\u00bbdefault\u00a0\u00bb global_colors_info=\u00a0\u00bb{}\u00a0\u00bb][et_pb_text _builder_version=\u00a0\u00bb4.20.2&Prime; _module_preset=\u00a0\u00bbdefault\u00a0\u00bb header_font=\u00a0\u00bbisidora-bold|700||on|||||\u00a0\u00bb header_text_color=\u00a0\u00bbgcid-93ab73df-d172-435e-98c1-fd273bb802f2&Prime; header_font_size=\u00a0\u00bb80px\u00a0\u00bb header_line_height=\u00a0\u00bb1.2em\u00a0\u00bb custom_margin=\u00a0\u00bb||0px||false|false\u00a0\u00bb header_font_size_tablet=\u00a0\u00bb80px\u00a0\u00bb header_font_size_phone=\u00a0\u00bb36px\u00a0\u00bb header_font_size_last_edited=\u00a0\u00bbon|phone\u00a0\u00bb global_colors_info=\u00a0\u00bb{%22gcid-93ab73df-d172-435e-98c1-fd273bb802f2%22:%91%22header_text_color%22%93}\u00a0\u00bb]<\/p>\n<h1>Glossaire<\/h1>\n<p>[\/et_pb_text][\/et_pb_column][\/et_pb_row][\/et_pb_section][et_pb_section fb_built=\u00a0\u00bb1&Prime; _builder_version=\u00a0\u00bb4.19.5&Prime; _module_preset=\u00a0\u00bbdefault\u00a0\u00bb background_color=\u00a0\u00bb#000000&Prime; custom_padding=\u00a0\u00bb||||false|false\u00a0\u00bb da_disable_devices=\u00a0\u00bboff|off|off\u00a0\u00bb global_colors_info=\u00a0\u00bb{}\u00a0\u00bb da_is_popup=\u00a0\u00bboff\u00a0\u00bb da_exit_intent=\u00a0\u00bboff\u00a0\u00bb da_has_close=\u00a0\u00bbon\u00a0\u00bb da_alt_close=\u00a0\u00bboff\u00a0\u00bb da_dark_close=\u00a0\u00bboff\u00a0\u00bb da_not_modal=\u00a0\u00bbon\u00a0\u00bb da_is_singular=\u00a0\u00bboff\u00a0\u00bb da_with_loader=\u00a0\u00bboff\u00a0\u00bb da_has_shadow=\u00a0\u00bbon\u00a0\u00bb][et_pb_row _builder_version=\u00a0\u00bb4.19.5&Prime; _module_preset=\u00a0\u00bbdefault\u00a0\u00bb width=\u00a0\u00bb90%\u00a0\u00bb max_width=\u00a0\u00bb1200px\u00a0\u00bb custom_margin=\u00a0\u00bb5px|auto||auto||\u00a0\u00bb custom_padding=\u00a0\u00bb0px|||||\u00a0\u00bb global_colors_info=\u00a0\u00bb{}\u00a0\u00bb][et_pb_column type=\u00a0\u00bb4_4&Prime; _builder_version=\u00a0\u00bb4.19.5&Prime; _module_preset=\u00a0\u00bbdefault\u00a0\u00bb global_colors_info=\u00a0\u00bb{}\u00a0\u00bb][et_pb_accordion open_toggle_background_color=\u00a0\u00bb#302f2f\u00a0\u00bb closed_toggle_background_color=\u00a0\u00bb#302f2f\u00a0\u00bb icon_color=\u00a0\u00bbgcid-a587cb3d-13b1-4f31-86dc-a78ca70c59cc\u00a0\u00bb use_icon_font_size=\u00a0\u00bbon\u00a0\u00bb icon_font_size=\u00a0\u00bb31px\u00a0\u00bb _builder_version=\u00a0\u00bb4.20.2&Prime; _module_preset=\u00a0\u00bbdefault\u00a0\u00bb toggle_text_color=\u00a0\u00bbgcid-2a2cf4cb-a604-44cf-8cb1-634d00553e37&Prime; toggle_font=\u00a0\u00bb|700|||||||\u00a0\u00bb toggle_font_size=\u00a0\u00bb22px\u00a0\u00bb toggle_line_height=\u00a0\u00bb1.3em\u00a0\u00bb body_text_color=\u00a0\u00bb#FFFFFF\u00a0\u00bb body_font_size=\u00a0\u00bb17px\u00a0\u00bb body_line_height=\u00a0\u00bb1.5em\u00a0\u00bb toggle_font_size_tablet=\u00a0\u00bb22px\u00a0\u00bb toggle_font_size_phone=\u00a0\u00bb18px\u00a0\u00bb toggle_font_size_last_edited=\u00a0\u00bbon|phone\u00a0\u00bb body_font_size_tablet=\u00a0\u00bb17px\u00a0\u00bb body_font_size_phone=\u00a0\u00bb15px\u00a0\u00bb body_font_size_last_edited=\u00a0\u00bbon|phone\u00a0\u00bb global_colors_info=\u00a0\u00bb{%22gcid-2a2cf4cb-a604-44cf-8cb1-634d00553e37%22:%91%22toggle_text_color%22%93,%22gcid-a587cb3d-13b1-4f31-86dc-a78ca70c59cc%22:%91%22icon_color%22%93}\u00a0\u00bb][et_pb_accordion_item title=\u00a0\u00bbA &#8211; HUB2 PAY-OUT\u00a0\u00bb open=\u00a0\u00bbon\u00a0\u00bb _builder_version=\u00a0\u00bb4.20.2&Prime; _module_preset=\u00a0\u00bbdefault\u00a0\u00bb border_width_all=\u00a0\u00bb0px\u00a0\u00bb global_colors_info=\u00a0\u00bb{}\u00a0\u00bb]Le processus par lequel un marchand cr\u00e9dite le compte d&rsquo;un utilisateur avec de l&rsquo;argent \u00e9lectronique. Selon le point de vue du marchand, cela<br \/>\npeut \u00e9galement \u00eatre appel\u00e9 PAY-IN.[\/et_pb_accordion_item][et_pb_accordion_item title=\u00a0\u00bbB &#8211; HUB2 PAY-IN\u00a0\u00bb _builder_version=\u00a0\u00bb4.20.2&Prime; _module_preset=\u00a0\u00bbdefault\u00a0\u00bb border_width_all=\u00a0\u00bb0px\u00a0\u00bb global_colors_info=\u00a0\u00bb{}\u00a0\u00bb open=\u00a0\u00bboff\u00a0\u00bb]Le processus par lequel un marchand d\u00e9duit de l&rsquo;argent de son compte de monnaie mobile utilisateur. Selon le point de vue du marchand, cela peut \u00e9galement \u00eatre appel\u00e9 PAY-OUT OU PAIEMENT DU MARCHAND.[\/et_pb_accordion_item][et_pb_accordion_item title=\u00a0\u00bbC &#8211; FLOAT, SOLDE OU BALANCE\u00a0\u00bb _builder_version=\u00a0\u00bb4.20.2&Prime; _module_preset=\u00a0\u00bbdefault\u00a0\u00bb border_width_all=\u00a0\u00bb0px\u00a0\u00bb global_colors_info=\u00a0\u00bb{}\u00a0\u00bb open=\u00a0\u00bboff\u00a0\u00bb]Le solde d&rsquo;argent \u00e9lectronique ou d&rsquo;argent physique, ou d&rsquo;argent dans un compte bancaire qu&rsquo;un HUB2 peut imm\u00e9diatement utiliser pour r\u00e9pondre aux demandes d&rsquo;achat (cash in) ou de vente (cash out) d&rsquo;argent \u00e9lectronique.[\/et_pb_accordion_item][et_pb_accordion_item title=\u00a0\u00bbD &#8211; E-MONEY\u00a0\u00bb _builder_version=\u00a0\u00bb4.20.2&Prime; _module_preset=\u00a0\u00bbdefault\u00a0\u00bb border_width_all=\u00a0\u00bb0px\u00a0\u00bb global_colors_info=\u00a0\u00bb{}\u00a0\u00bb open=\u00a0\u00bboff\u00a0\u00bb]L&rsquo;abr\u00e9viation d'\u00a0\u00bbargent \u00e9lectronique\u00a0\u00bb est une valeur stock\u00e9e dans les comptes des utilisateurs, des agents et du fournisseur de services de monnaie mobile. Le montant total de l&rsquo;argent \u00e9lectronique est g\u00e9n\u00e9ralement refl\u00e9t\u00e9 dans un ou plusieurs comptes bancaires, de sorte que m\u00eame si le fournisseur de services de monnaie mobile venait \u00e0 \u00e9chouer, les utilisateurs pourraient r\u00e9cup\u00e9rer 100 % de la valeur stock\u00e9e dans leurs comptes.[\/et_pb_accordion_item][et_pb_accordion_item title=\u00a0\u00bbE &#8211;  INTERNATIONAL REMITTANCE\u00a0\u00bb _builder_version=\u00a0\u00bb4.20.2&Prime; _module_preset=\u00a0\u00bbdefault\u00a0\u00bb border_width_all=\u00a0\u00bb0px\u00a0\u00bb global_colors_info=\u00a0\u00bb{}\u00a0\u00bb open=\u00a0\u00bboff\u00a0\u00bb]Le transfert de fonds transfrontalier d&rsquo;une personne \u00e0 une autre. Cette transaction n\u00e9cessite une organisation interm\u00e9diaire telle que Western Union.[\/et_pb_accordion_item][et_pb_accordion_item title=\u00a0\u00bbF &#8211; COMPTE DE MONNAIE MOBILE\u00a0\u00bb _builder_version=\u00a0\u00bb4.20.2&Prime; _module_preset=\u00a0\u00bbdefault\u00a0\u00bb border_width_all=\u00a0\u00bb0px\u00a0\u00bb global_colors_info=\u00a0\u00bb{}\u00a0\u00bb open=\u00a0\u00bboff\u00a0\u00bb]Un compte d&rsquo;argent \u00e9lectronique principalement accessible \u00e0 l&rsquo;aide d&rsquo;un t\u00e9l\u00e9phone mobile qui est d\u00e9tenu avec l&rsquo;\u00e9metteur d&rsquo;argent \u00e9lectronique. Dans certaines juridictions, les comptes d&rsquo;argent \u00e9lectronique peuvent ressembler \u00e0 des comptes bancaires conventionnels, mais sont trait\u00e9s diff\u00e9remment dans le cadre r\u00e9glementaire car ils sont utilis\u00e9s \u00e0 des fins diff\u00e9rentes (par exemple, comme un substitut de l&rsquo;argent comptant ou une valeur stock\u00e9e utilis\u00e9e pour faciliter les services transactionnels). Un compte de monnaie mobile actif est un compte de monnaie mobile qui a \u00e9t\u00e9 utilis\u00e9 pour effectuer au moins une transaction pendant une certaine p\u00e9riode de temps (g\u00e9n\u00e9ralement 90 jours ou 30 jours).[\/et_pb_accordion_item][et_pb_accordion_item title=\u00a0\u00bbG &#8211; AJUSTEMENTS SUR LES COMPTES\u00a0\u00bb _builder_version=\u00a0\u00bb4.20.2&Prime; _module_preset=\u00a0\u00bbdefault\u00a0\u00bb border_width_all=\u00a0\u00bb0px\u00a0\u00bb global_colors_info=\u00a0\u00bb{}\u00a0\u00bb open=\u00a0\u00bboff\u00a0\u00bb]Les ajustements sur les comptes font r\u00e9f\u00e9rence \u00e0 la correction ou \u00e0 l&rsquo;annulation d&rsquo;une transaction financi\u00e8re pr\u00e9c\u00e9demment enregistr\u00e9e dans les comptes d&rsquo;une entreprise fintech. Dans le contexte de fintech, les ajustements peuvent \u00eatre n\u00e9cessaires pour diverses raisons, telles que des erreurs de saisie de donn\u00e9es, des changements des conditions du march\u00e9, des litiges clients, ainsi que pour le rechargement ou le retrait de fonds des comptes de monnaie \u00e9lectronique associ\u00e9s \u00e0 la plateforme de HUB2.<\/p>\n<p>Le rechargement (ou recharge) consiste en un d\u00e9p\u00f4t d&rsquo;argent ou de monnaie \u00e9lectronique effectu\u00e9 par un client sur son compte PAY-OUT, ce qui modifie le solde du compte de monnaie \u00e9lectronique associ\u00e9.<\/p>\n<p>Le retrait (ou d\u00e9bit) correspond quant \u00e0 lui \u00e0 une demande de transfert de fonds depuis un compte PAY-IN vers un compte bancaire ou une unit\u00e9 de monnaie \u00e9lectronique de choix du client, entra\u00eenant une modification du solde du compte de monnaie \u00e9lectronique associ\u00e9. Dans les deux cas, l&rsquo;op\u00e9rateur de HUB2 constate le d\u00e9p\u00f4t ou la demande de retrait et effectue une mise \u00e0 jour du solde du compte client en cons\u00e9quence.[\/et_pb_accordion_item][et_pb_accordion_item title=\u00a0\u00bbH &#8211; MARCHAND\u00a0\u00bb _builder_version=\u00a0\u00bb4.20.2&Prime; _module_preset=\u00a0\u00bbdefault\u00a0\u00bb border_width_all=\u00a0\u00bb0px\u00a0\u00bb global_colors_info=\u00a0\u00bb{}\u00a0\u00bb open=\u00a0\u00bboff\u00a0\u00bb]Dans le cadre de HUB2, un marchand est un vendeur de biens ou de services qui accepte les paiements via une plateforme de monnaie mobile. Les paiements effectu\u00e9s par les utilisateurs peuvent \u00eatre cr\u00e9dit\u00e9s sur le compte du marchand, qui peut ensuite les retirer ou les utiliser pour effectuer d&rsquo;autres paiements. Le paiement peut \u00e9galement \u00eatre d\u00e9duit du compte de l&rsquo;utilisateur pour \u00eatre cr\u00e9dit\u00e9 sur le compte du marchand. Notez que seuls les acteurs qui sont des institutions financi\u00e8res, des neobanques, des PSP, des acteurs de la remittance ou des gros e- commer\u00e7ants avec une structure et un besoin technique de qualit\u00e9 peuvent int\u00e9grer HUB2 et avoir acc\u00e8s \u00e0 ses API.[\/et_pb_accordion_item][\/et_pb_accordion][\/et_pb_column][\/et_pb_row][\/et_pb_section]<\/p>\n","protected":false},"excerpt":{"rendered":"<p>GlossaireLe processus par lequel un marchand cr\u00e9dite le compte d&rsquo;un utilisateur avec de l&rsquo;argent \u00e9lectronique. Selon le point de vue du marchand, cela peut \u00e9galement \u00eatre appel\u00e9 PAY-IN.Le processus par lequel un marchand d\u00e9duit de l&rsquo;argent de son compte de monnaie mobile utilisateur. Selon le point de vue du marchand, cela peut \u00e9galement \u00eatre appel\u00e9 [&hellip;]<\/p>\n","protected":false},"author":11,"featured_media":0,"parent":0,"menu_order":0,"comment_status":"closed","ping_status":"closed","template":"","meta":{"_acf_changed":false,"_et_pb_use_builder":"on","_et_pb_old_content":"","_et_gb_content_width":"","content-type":"","footnotes":""},"dipi_cpt_category":[],"class_list":["post-1661","page","type-page","status-publish","hentry"],"acf":[],"_links":{"self":[{"href":"https:\/\/hub2.io\/fr\/wp-json\/wp\/v2\/pages\/1661","targetHints":{"allow":["GET"]}}],"collection":[{"href":"https:\/\/hub2.io\/fr\/wp-json\/wp\/v2\/pages"}],"about":[{"href":"https:\/\/hub2.io\/fr\/wp-json\/wp\/v2\/types\/page"}],"author":[{"embeddable":true,"href":"https:\/\/hub2.io\/fr\/wp-json\/wp\/v2\/users\/11"}],"replies":[{"embeddable":true,"href":"https:\/\/hub2.io\/fr\/wp-json\/wp\/v2\/comments?post=1661"}],"version-history":[{"count":3,"href":"https:\/\/hub2.io\/fr\/wp-json\/wp\/v2\/pages\/1661\/revisions"}],"predecessor-version":[{"id":2027,"href":"https:\/\/hub2.io\/fr\/wp-json\/wp\/v2\/pages\/1661\/revisions\/2027"}],"wp:attachment":[{"href":"https:\/\/hub2.io\/fr\/wp-json\/wp\/v2\/media?parent=1661"}],"wp:term":[{"taxonomy":"dipi_cpt_category","embeddable":true,"href":"https:\/\/hub2.io\/fr\/wp-json\/wp\/v2\/dipi_cpt_category?post=1661"}],"curies":[{"name":"wp","href":"https:\/\/api.w.org\/{rel}","templated":true}]}}