{"id":1756,"date":"2023-02-15T12:18:56","date_gmt":"2023-02-15T12:18:56","guid":{"rendered":"https:\/\/hub2website.tempurl.host\/?page_id=1756"},"modified":"2025-10-07T09:48:12","modified_gmt":"2025-10-07T09:48:12","slug":"contact","status":"publish","type":"page","link":"https:\/\/hub2.io\/fr\/contact\/","title":{"rendered":"Contact Us"},"content":{"rendered":"<p>[et_pb_section fb_built=\u00a0\u00bb1&Prime; custom_padding_last_edited=\u00a0\u00bbon|phone\u00a0\u00bb _builder_version=\u00a0\u00bb4.20.2&Prime; _module_preset=\u00a0\u00bbdefault\u00a0\u00bb background_color=\u00a0\u00bb#000000&Prime; background_image=\u00a0\u00bbhttps:\/\/hub2.io\/wp-content\/uploads\/2023\/02\/5.jpg\u00a0\u00bb height=\u00a0\u00bb400px\u00a0\u00bb custom_padding=\u00a0\u00bb||||false|false\u00a0\u00bb custom_padding_tablet=\u00a0\u00bb||||false|false\u00a0\u00bb custom_padding_phone=\u00a0\u00bb||0px||false|false\u00a0\u00bb da_disable_devices=\u00a0\u00bboff|off|off\u00a0\u00bb locked=\u00a0\u00bboff\u00a0\u00bb global_colors_info=\u00a0\u00bb{}\u00a0\u00bb da_is_popup=\u00a0\u00bboff\u00a0\u00bb da_exit_intent=\u00a0\u00bboff\u00a0\u00bb da_has_close=\u00a0\u00bbon\u00a0\u00bb da_alt_close=\u00a0\u00bboff\u00a0\u00bb da_dark_close=\u00a0\u00bboff\u00a0\u00bb da_not_modal=\u00a0\u00bbon\u00a0\u00bb da_is_singular=\u00a0\u00bboff\u00a0\u00bb da_with_loader=\u00a0\u00bboff\u00a0\u00bb da_has_shadow=\u00a0\u00bbon\u00a0\u00bb][et_pb_row _builder_version=\u00a0\u00bb4.20.2&Prime; _module_preset=\u00a0\u00bbdefault\u00a0\u00bb positioning=\u00a0\u00bbabsolute\u00a0\u00bb position_origin_a=\u00a0\u00bbcenter_center\u00a0\u00bb width=\u00a0\u00bb90%\u00a0\u00bb max_width=\u00a0\u00bb1200px\u00a0\u00bb custom_margin=\u00a0\u00bb|auto||auto|false|false\u00a0\u00bb custom_padding=\u00a0\u00bb||||false|false\u00a0\u00bb locked=\u00a0\u00bboff\u00a0\u00bb global_colors_info=\u00a0\u00bb{}\u00a0\u00bb][et_pb_column type=\u00a0\u00bb4_4&Prime; _builder_version=\u00a0\u00bb4.16.0&Prime; _module_preset=\u00a0\u00bbdefault\u00a0\u00bb global_colors_info=\u00a0\u00bb{}\u00a0\u00bb][et_pb_text _builder_version=\u00a0\u00bb4.20.2&Prime; _module_preset=\u00a0\u00bbdefault\u00a0\u00bb header_font=\u00a0\u00bbisidora-bold|700||on|||||\u00a0\u00bb header_text_align=\u00a0\u00bbright\u00a0\u00bb header_text_color=\u00a0\u00bbgcid-93ab73df-d172-435e-98c1-fd273bb802f2&Prime; header_font_size=\u00a0\u00bb80px\u00a0\u00bb header_line_height=\u00a0\u00bb1.2em\u00a0\u00bb custom_margin=\u00a0\u00bb||0px||false|false\u00a0\u00bb header_font_size_tablet=\u00a0\u00bb80px\u00a0\u00bb header_font_size_phone=\u00a0\u00bb36px\u00a0\u00bb header_font_size_last_edited=\u00a0\u00bbon|phone\u00a0\u00bb global_colors_info=\u00a0\u00bb{%22gcid-93ab73df-d172-435e-98c1-fd273bb802f2%22:%91%22header_text_color%22,%22header_text_color%22%93}\u00a0\u00bb]<\/p>\n<h1>CONTACTEZ NOUS<\/h1>\n<p>[\/et_pb_text][\/et_pb_column][\/et_pb_row][\/et_pb_section][et_pb_section fb_built=\u00a0\u00bb1&Prime; specialty=\u00a0\u00bbon\u00a0\u00bb background_color_2=\u00a0\u00bbgcid-a587cb3d-13b1-4f31-86dc-a78ca70c59cc\u00a0\u00bb padding_top_2=\u00a0\u00bb30px\u00a0\u00bb padding_right_2=\u00a0\u00bb30px\u00a0\u00bb padding_bottom_2=\u00a0\u00bb30px\u00a0\u00bb padding_left_2=\u00a0\u00bb30px\u00a0\u00bb padding_top_bottom_link_2=\u00a0\u00bbtrue\u00a0\u00bb padding_left_right_link_2=\u00a0\u00bbtrue\u00a0\u00bb admin_label=\u00a0\u00bbSection\u00a0\u00bb _builder_version=\u00a0\u00bb4.19.5&Prime; _module_preset=\u00a0\u00bbdefault\u00a0\u00bb background_color=\u00a0\u00bbgcid-9579bdd0-dcab-4507-9295-ea539cf881d8&Prime; inner_width=\u00a0\u00bb100%\u00a0\u00bb inner_max_width=\u00a0\u00bb1200px\u00a0\u00bb da_disable_devices=\u00a0\u00bboff|off|off\u00a0\u00bb global_colors_info=\u00a0\u00bb{%22gcid-9579bdd0-dcab-4507-9295-ea539cf881d8%22:%91%22background_color%22%93,%22gcid-a587cb3d-13b1-4f31-86dc-a78ca70c59cc%22:%91%22background_color_2%22%93}\u00a0\u00bb da_is_popup=\u00a0\u00bboff\u00a0\u00bb da_exit_intent=\u00a0\u00bboff\u00a0\u00bb da_has_close=\u00a0\u00bbon\u00a0\u00bb da_alt_close=\u00a0\u00bboff\u00a0\u00bb da_dark_close=\u00a0\u00bboff\u00a0\u00bb da_not_modal=\u00a0\u00bbon\u00a0\u00bb da_is_singular=\u00a0\u00bboff\u00a0\u00bb da_with_loader=\u00a0\u00bboff\u00a0\u00bb da_has_shadow=\u00a0\u00bbon\u00a0\u00bb][et_pb_column type=\u00a0\u00bb1_2&Prime; specialty_columns=\u00a0\u00bb2&Prime; _builder_version=\u00a0\u00bb4.16&Prime; custom_padding=\u00a0\u00bb|||\u00a0\u00bb global_colors_info=\u00a0\u00bb{}\u00a0\u00bb custom_padding__hover=\u00a0\u00bb|||\u00a0\u00bb][et_pb_row_inner _builder_version=\u00a0\u00bb4.20.2&Prime; _module_preset=\u00a0\u00bbdefault\u00a0\u00bb custom_padding=\u00a0\u00bb||11px|||\u00a0\u00bb global_colors_info=\u00a0\u00bb{}\u00a0\u00bb][et_pb_column_inner saved_specialty_column_type=\u00a0\u00bb1_2&Prime; _builder_version=\u00a0\u00bb4.20.2&Prime; _module_preset=\u00a0\u00bbdefault\u00a0\u00bb global_colors_info=\u00a0\u00bb{}\u00a0\u00bb][et_pb_text _builder_version=\u00a0\u00bb4.20.2&Prime; _module_preset=\u00a0\u00bbdefault\u00a0\u00bb text_text_color=\u00a0\u00bb#FFFFFF\u00a0\u00bb text_font_size=\u00a0\u00bb19px\u00a0\u00bb text_line_height=\u00a0\u00bb1.6em\u00a0\u00bb custom_margin=\u00a0\u00bb||60px||false|false\u00a0\u00bb global_colors_info=\u00a0\u00bb{}\u00a0\u00bb]<\/p>\n<p>Nous contacter, c&rsquo;est votre premi\u00e8re \u00e9tape vers la digitalisation de vos transactions. Veuillez completer ce formulaire pour \u00eatre mis en relation avec un de nos sp\u00e9cialiste.<\/p>\n<p>[\/et_pb_text][et_pb_text _builder_version=\u00a0\u00bb4.20.2&Prime; _module_preset=\u00a0\u00bbdefault\u00a0\u00bb text_text_color=\u00a0\u00bb#FFFFFF\u00a0\u00bb text_font_size=\u00a0\u00bb15px\u00a0\u00bb header_2_font=\u00a0\u00bbisidora-bold||||||||\u00a0\u00bb header_2_text_align=\u00a0\u00bbleft\u00a0\u00bb header_2_text_color=\u00a0\u00bbgcid-2a2cf4cb-a604-44cf-8cb1-634d00553e37&Prime; text_orientation=\u00a0\u00bbcenter\u00a0\u00bb custom_margin=\u00a0\u00bb||0px||false|false\u00a0\u00bb global_colors_info=\u00a0\u00bb{%22gcid-2a2cf4cb-a604-44cf-8cb1-634d00553e37%22:%91%22header_2_text_color%22%93}\u00a0\u00bb]<\/p>\n<h2>Nos Bureaux<\/h2>\n<p>[\/et_pb_text][\/et_pb_column_inner][\/et_pb_row_inner][et_pb_row_inner column_structure=\u00a0\u00bb1_3,1_3,1_3&Prime; module_class=\u00a0\u00bbthree-columns\u00a0\u00bb _builder_version=\u00a0\u00bb4.18.0&Prime; _module_preset=\u00a0\u00bbdefault\u00a0\u00bb custom_padding=\u00a0\u00bb|15px||15px|false|true\u00a0\u00bb global_colors_info=\u00a0\u00bb{}\u00a0\u00bb custom_css_main_element_last_edited=\u00a0\u00bbon|tablet\u00a0\u00bb custom_css_main_element_tablet=\u00a0\u00bbdisplay:flex;\u00a0\u00bb custom_css_main_element_phone=\u00a0\u00bbdisplay:flex;\u00a0\u00bb][et_pb_column_inner type=\u00a0\u00bb1_3&Prime; saved_specialty_column_type=\u00a0\u00bb1_2&Prime; _builder_version=\u00a0\u00bb4.18.0&Prime; _module_preset=\u00a0\u00bbdefault\u00a0\u00bb global_colors_info=\u00a0\u00bb{}\u00a0\u00bb][et_pb_blurb title=\u00a0\u00bbCote D&rsquo;Ivoire\u00a0\u00bb use_icon=\u00a0\u00bbon\u00a0\u00bb font_icon=\u00a0\u00bb&#xf3c5;||fa||900&Prime; icon_color=\u00a0\u00bbgcid-e57fee80-436c-4c91-9b15-ff7afc0e7f6d\u00a0\u00bb image_icon_width=\u00a0\u00bb30px\u00a0\u00bb _builder_version=\u00a0\u00bb4.20.2&Prime; _module_preset=\u00a0\u00bbdefault\u00a0\u00bb header_font=\u00a0\u00bb|600|||||||\u00a0\u00bb header_text_align=\u00a0\u00bbcenter\u00a0\u00bb header_text_color=\u00a0\u00bbgcid-93ab73df-d172-435e-98c1-fd273bb802f2&Prime; body_text_align=\u00a0\u00bbcenter\u00a0\u00bb body_text_color=\u00a0\u00bb#FFFFFF\u00a0\u00bb global_colors_info=\u00a0\u00bb{%22gcid-e57fee80-436c-4c91-9b15-ff7afc0e7f6d%22:%91%22icon_color%22,%22icon_color%22%93,%22gcid-93ab73df-d172-435e-98c1-fd273bb802f2%22:%91%22header_text_color%22,%22header_text_color%22%93}\u00a0\u00bb]<\/p>\n<p>HUB2 C\u00f4te D&rsquo;Ivoire<\/p>\n<p><span>Ilot 38, Lot 551 Riviera 4 Golf<\/span><\/p>\n<p><span>Cocody, Abidjan COTE D&rsquo;IVOIRE<\/span><\/p>\n<p><span aria-label=\"\u00a0\" class=\"c-mrkdwn__br\" data-stringify-type=\"paragraph-break\"><\/span><span aria-label=\"\u00a0\" class=\"c-mrkdwn__br\" data-stringify-type=\"paragraph-break\"><\/span><span>28 BP 1676 Abidjan 28<\/span><\/p>\n<p>[\/et_pb_blurb][\/et_pb_column_inner][et_pb_column_inner type=\u00a0\u00bb1_3&Prime; saved_specialty_column_type=\u00a0\u00bb1_2&Prime; _builder_version=\u00a0\u00bb4.18.0&Prime; _module_preset=\u00a0\u00bbdefault\u00a0\u00bb global_colors_info=\u00a0\u00bb{}\u00a0\u00bb][et_pb_blurb title=\u00a0\u00bbFrance\u00a0\u00bb use_icon=\u00a0\u00bbon\u00a0\u00bb font_icon=\u00a0\u00bb&#xf3c5;||fa||900&Prime; icon_color=\u00a0\u00bbgcid-e57fee80-436c-4c91-9b15-ff7afc0e7f6d\u00a0\u00bb image_icon_width=\u00a0\u00bb30px\u00a0\u00bb _builder_version=\u00a0\u00bb4.20.2&Prime; _module_preset=\u00a0\u00bbdefault\u00a0\u00bb header_font=\u00a0\u00bb|600|||||||\u00a0\u00bb header_text_align=\u00a0\u00bbcenter\u00a0\u00bb header_text_color=\u00a0\u00bbgcid-93ab73df-d172-435e-98c1-fd273bb802f2&Prime; body_text_align=\u00a0\u00bbcenter\u00a0\u00bb body_text_color=\u00a0\u00bb#FFFFFF\u00a0\u00bb global_colors_info=\u00a0\u00bb{%22gcid-e57fee80-436c-4c91-9b15-ff7afc0e7f6d%22:%91%22icon_color%22,%22icon_color%22,%22icon_color%22,%22icon_color%22%93,%22gcid-93ab73df-d172-435e-98c1-fd273bb802f2%22:%91%22header_text_color%22,%22header_text_color%22%93}\u00a0\u00bb]<\/p>\n<p>HUB2 France,<\/p>\n<p><span>29 impasse des sensitives<\/span><\/p>\n<p><span aria-label=\"\u00a0\" class=\"c-mrkdwn__br\" data-stringify-type=\"paragraph-break\"><\/span><span>97410 Saint-Pierre<\/span><\/p>\n<p>Ile de la R\u00e9union<\/p>\n<p>[\/et_pb_blurb][\/et_pb_column_inner][et_pb_column_inner type=\u00a0\u00bb1_3&Prime; saved_specialty_column_type=\u00a0\u00bb1_2&Prime; _builder_version=\u00a0\u00bb4.18.0&Prime; _module_preset=\u00a0\u00bbdefault\u00a0\u00bb global_colors_info=\u00a0\u00bb{}\u00a0\u00bb][et_pb_blurb title=\u00a0\u00bbSenegal\u00a0\u00bb use_icon=\u00a0\u00bbon\u00a0\u00bb font_icon=\u00a0\u00bb&#xf3c5;||fa||900&Prime; icon_color=\u00a0\u00bbgcid-e57fee80-436c-4c91-9b15-ff7afc0e7f6d\u00a0\u00bb image_icon_width=\u00a0\u00bb30px\u00a0\u00bb _builder_version=\u00a0\u00bb4.20.2&Prime; _module_preset=\u00a0\u00bbdefault\u00a0\u00bb header_font=\u00a0\u00bb|600|||||||\u00a0\u00bb header_text_align=\u00a0\u00bbcenter\u00a0\u00bb header_text_color=\u00a0\u00bbgcid-93ab73df-d172-435e-98c1-fd273bb802f2&Prime; body_text_align=\u00a0\u00bbcenter\u00a0\u00bb body_text_color=\u00a0\u00bb#FFFFFF\u00a0\u00bb global_colors_info=\u00a0\u00bb{%22gcid-e57fee80-436c-4c91-9b15-ff7afc0e7f6d%22:%91%22icon_color%22,%22icon_color%22,%22icon_color%22,%22icon_color%22%93,%22gcid-93ab73df-d172-435e-98c1-fd273bb802f2%22:%91%22header_text_color%22,%22header_text_color%22%93}\u00a0\u00bb]HUB2 Senegal,<\/p>\n<p>20, Rue Maxime Rivi\u00e8re<\/p>\n<p>34590, Saint-Denis<\/p>\n<p>Senegal[\/et_pb_blurb][\/et_pb_column_inner][\/et_pb_row_inner][et_pb_row_inner column_structure=\u00a0\u00bb1_2,1_2&Prime; module_class=\u00a0\u00bbtwo-columns\u00a0\u00bb _builder_version=\u00a0\u00bb4.18.0&Prime; _module_preset=\u00a0\u00bbdefault\u00a0\u00bb custom_padding=\u00a0\u00bb1px|15px||15px|false|true\u00a0\u00bb global_colors_info=\u00a0\u00bb{}\u00a0\u00bb][et_pb_column_inner type=\u00a0\u00bb1_2&Prime; saved_specialty_column_type=\u00a0\u00bb1_2&Prime; _builder_version=\u00a0\u00bb4.18.0&Prime; _module_preset=\u00a0\u00bbdefault\u00a0\u00bb global_colors_info=\u00a0\u00bb{}\u00a0\u00bb][et_pb_blurb title=\u00a0\u00bbBurkina\u00a0\u00bb use_icon=\u00a0\u00bbon\u00a0\u00bb font_icon=\u00a0\u00bb&#xf3c5;||fa||900&Prime; icon_color=\u00a0\u00bbgcid-e57fee80-436c-4c91-9b15-ff7afc0e7f6d\u00a0\u00bb image_icon_width=\u00a0\u00bb30px\u00a0\u00bb _builder_version=\u00a0\u00bb4.20.2&Prime; _module_preset=\u00a0\u00bbdefault\u00a0\u00bb header_font=\u00a0\u00bb|600|||||||\u00a0\u00bb header_text_align=\u00a0\u00bbcenter\u00a0\u00bb header_text_color=\u00a0\u00bbgcid-93ab73df-d172-435e-98c1-fd273bb802f2&Prime; body_text_align=\u00a0\u00bbcenter\u00a0\u00bb body_text_color=\u00a0\u00bb#FFFFFF\u00a0\u00bb global_colors_info=\u00a0\u00bb{%22gcid-e57fee80-436c-4c91-9b15-ff7afc0e7f6d%22:%91%22icon_color%22,%22icon_color%22,%22icon_color%22,%22icon_color%22%93,%22gcid-93ab73df-d172-435e-98c1-fd273bb802f2%22:%91%22header_text_color%22,%22header_text_color%22%93}\u00a0\u00bb]Ouagadougou-Zogona Parcel G<\/p>\n<p>Lot 48, Section Zogona secteur 29<\/p>\n<p>06 BP 9050 Ouagadougou[\/et_pb_blurb][\/et_pb_column_inner][et_pb_column_inner type=\u00a0\u00bb1_2&Prime; saved_specialty_column_type=\u00a0\u00bb1_2&Prime; _builder_version=\u00a0\u00bb4.18.0&Prime; _module_preset=\u00a0\u00bbdefault\u00a0\u00bb global_colors_info=\u00a0\u00bb{}\u00a0\u00bb][et_pb_blurb title=\u00a0\u00bbCameroun\u00a0\u00bb use_icon=\u00a0\u00bbon\u00a0\u00bb font_icon=\u00a0\u00bb&#xf3c5;||fa||900&Prime; icon_color=\u00a0\u00bbgcid-e57fee80-436c-4c91-9b15-ff7afc0e7f6d\u00a0\u00bb image_icon_width=\u00a0\u00bb30px\u00a0\u00bb _builder_version=\u00a0\u00bb4.20.2&Prime; _module_preset=\u00a0\u00bbdefault\u00a0\u00bb header_font=\u00a0\u00bb|600|||||||\u00a0\u00bb header_text_align=\u00a0\u00bbcenter\u00a0\u00bb header_text_color=\u00a0\u00bbgcid-93ab73df-d172-435e-98c1-fd273bb802f2&Prime; body_text_align=\u00a0\u00bbcenter\u00a0\u00bb body_text_color=\u00a0\u00bb#FFFFFF\u00a0\u00bb global_colors_info=\u00a0\u00bb{%22gcid-e57fee80-436c-4c91-9b15-ff7afc0e7f6d%22:%91%22icon_color%22,%22icon_color%22,%22icon_color%22,%22icon_color%22%93,%22gcid-93ab73df-d172-435e-98c1-fd273bb802f2%22:%91%22header_text_color%22,%22header_text_color%22%93}\u00a0\u00bb]HUB2 Cameroun,<\/p>\n<p>Douala Akwa BP 1369 Douala<\/p>\n<p>Cameroun[\/et_pb_blurb][\/et_pb_column_inner][\/et_pb_row_inner][\/et_pb_column][et_pb_column type=\u00a0\u00bb1_2&Prime; _builder_version=\u00a0\u00bb4.16&Prime; custom_padding=\u00a0\u00bb|||\u00a0\u00bb global_colors_info=\u00a0\u00bb{}\u00a0\u00bb custom_padding__hover=\u00a0\u00bb|||\u00a0\u00bb][et_pb_code _builder_version=\u00a0\u00bb4.27.2&Prime; _module_preset=\u00a0\u00bbdefault\u00a0\u00bb background_color=\u00a0\u00bb#00A1AB\u00a0\u00bb hover_enabled=\u00a0\u00bb0&Prime; global_colors_info=\u00a0\u00bb{}\u00a0\u00bb sticky_enabled=\u00a0\u00bb0&Prime;]<script charset=\"utf-8\" type=\"text\/javascript\" src=\"\/\/js-eu1.hsforms.net\/forms\/embed\/v2.js\"><\/script><!-- [et_pb_line_break_holder] --><!-- <script charset=\"utf-8\" type=\"text\/javascript\" src=\"\/\/js-eu1.hsforms.net\/forms\/embed\/v2.js\" integrity=\"sha384-Xt9448clG15DlL4\/xWAiAqeoTetpUcwqJgvXOpKsNpbnKUEz68i\/nCGLGRshixd0\" crossorigin=\"anonymous\"><\/script> --><!-- [et_pb_line_break_holder] --><script> <!-- [et_pb_line_break_holder] -->  hbspt.forms.create({ <!-- [et_pb_line_break_holder] -->    portalId: \"145079063\", <!-- [et_pb_line_break_holder] -->    formId: \"df45bf2b-5f5a-4a07-a771-ac73b2687e31\" <!-- [et_pb_line_break_holder] -->  }); <!-- [et_pb_line_break_holder] --><\/script> [\/et_pb_code][\/et_pb_column][\/et_pb_section]<\/p>\n","protected":false},"excerpt":{"rendered":"<p>CONTACTEZ NOUSNous contacter, c&rsquo;est votre premi\u00e8re \u00e9tape vers la digitalisation de vos transactions. Veuillez completer ce formulaire pour \u00eatre mis en relation avec un de nos sp\u00e9cialiste.Nos BureauxHUB2 C\u00f4te D&rsquo;Ivoire Ilot 38, Lot 551 Riviera 4 Golf Cocody, Abidjan COTE D&rsquo;IVOIRE 28 BP 1676 Abidjan 28HUB2 France, 29 impasse des sensitives 97410 Saint-Pierre Ile de [&hellip;]<\/p>\n","protected":false},"author":11,"featured_media":0,"parent":0,"menu_order":0,"comment_status":"closed","ping_status":"closed","template":"","meta":{"_acf_changed":false,"_et_pb_use_builder":"on","_et_pb_old_content":"","_et_gb_content_width":"","content-type":"","footnotes":""},"dipi_cpt_category":[],"class_list":["post-1756","page","type-page","status-publish","hentry"],"acf":[],"_links":{"self":[{"href":"https:\/\/hub2.io\/fr\/wp-json\/wp\/v2\/pages\/1756","targetHints":{"allow":["GET"]}}],"collection":[{"href":"https:\/\/hub2.io\/fr\/wp-json\/wp\/v2\/pages"}],"about":[{"href":"https:\/\/hub2.io\/fr\/wp-json\/wp\/v2\/types\/page"}],"author":[{"embeddable":true,"href":"https:\/\/hub2.io\/fr\/wp-json\/wp\/v2\/users\/11"}],"replies":[{"embeddable":true,"href":"https:\/\/hub2.io\/fr\/wp-json\/wp\/v2\/comments?post=1756"}],"version-history":[{"count":17,"href":"https:\/\/hub2.io\/fr\/wp-json\/wp\/v2\/pages\/1756\/revisions"}],"predecessor-version":[{"id":6132,"href":"https:\/\/hub2.io\/fr\/wp-json\/wp\/v2\/pages\/1756\/revisions\/6132"}],"wp:attachment":[{"href":"https:\/\/hub2.io\/fr\/wp-json\/wp\/v2\/media?parent=1756"}],"wp:term":[{"taxonomy":"dipi_cpt_category","embeddable":true,"href":"https:\/\/hub2.io\/fr\/wp-json\/wp\/v2\/dipi_cpt_category?post=1756"}],"curies":[{"name":"wp","href":"https:\/\/api.w.org\/{rel}","templated":true}]}}